{"id":14806,"date":"2020-12-06T15:50:18","date_gmt":"2020-12-06T15:50:18","guid":{"rendered":"https:\/\/ebay.luba.de\/index.php\/product\/universalwolf-vorsatz-grose-5-mit-3-lochscheiben\/"},"modified":"2022-12-15T12:51:05","modified_gmt":"2022-12-15T12:51:05","slug":"universalwolf-vorsatz-grose-5-mit-3-lochscheiben","status":"publish","type":"product","link":"https:\/\/ebay.luba.de\/index.php\/product\/universalwolf-vorsatz-grose-5-mit-3-lochscheiben\/","title":{"rendered":"Universalwolf-Vorsatz Gr\u00f6\u00dfe 5 mit 3 Lochscheiben"},"content":{"rendered":"<p>Hackt und zerkleinert Fleisch, Gem\u00fcse, Obst, Brot und vieles mehr. Ausgestattet mit Lochscheiben 3 mm, 4,5 mm und 8 mm Bohrung.<\/p>\n","protected":false},"excerpt":{"rendered":"<p>Hackt und zerkleinert Fleisch, Gem\u00fcse, Obst, Brot und vieles mehr. Ausgestattet mit Lochscheiben 3 mm, 4,5 mm und 8 mm Bohrung.<\/p>\n","protected":false},"featured_media":15751,"comment_status":"closed","ping_status":"open","template":"","meta":[],"product_brand":[],"product_cat":[193],"product_tag":[],"class_list":{"0":"post-14806","1":"product","2":"type-product","3":"status-publish","4":"has-post-thumbnail","6":"product_cat-unkategorisiert","8":"first","9":"instock","10":"taxable","11":"shipping-taxable","12":"purchasable","13":"product-type-simple"},"_links":{"self":[{"href":"https:\/\/ebay.luba.de\/index.php\/wp-json\/wp\/v2\/product\/14806","targetHints":{"allow":["GET"]}}],"collection":[{"href":"https:\/\/ebay.luba.de\/index.php\/wp-json\/wp\/v2\/product"}],"about":[{"href":"https:\/\/ebay.luba.de\/index.php\/wp-json\/wp\/v2\/types\/product"}],"replies":[{"embeddable":true,"href":"https:\/\/ebay.luba.de\/index.php\/wp-json\/wp\/v2\/comments?post=14806"}],"wp:featuredmedia":[{"embeddable":true,"href":"https:\/\/ebay.luba.de\/index.php\/wp-json\/wp\/v2\/media\/15751"}],"wp:attachment":[{"href":"https:\/\/ebay.luba.de\/index.php\/wp-json\/wp\/v2\/media?parent=14806"}],"wp:term":[{"taxonomy":"product_brand","embeddable":true,"href":"https:\/\/ebay.luba.de\/index.php\/wp-json\/wp\/v2\/product_brand?post=14806"},{"taxonomy":"product_cat","embeddable":true,"href":"https:\/\/ebay.luba.de\/index.php\/wp-json\/wp\/v2\/product_cat?post=14806"},{"taxonomy":"product_tag","embeddable":true,"href":"https:\/\/ebay.luba.de\/index.php\/wp-json\/wp\/v2\/product_tag?post=14806"}],"curies":[{"name":"wp","href":"https:\/\/api.w.org\/{rel}","templated":true}]}}