{"id":14804,"date":"2020-12-06T15:50:18","date_gmt":"2020-12-06T15:50:18","guid":{"rendered":"https:\/\/ebay.luba.de\/index.php\/product\/elsasser-teigknetmaschine-t-200\/"},"modified":"2021-02-12T22:51:44","modified_gmt":"2021-02-12T22:51:44","slug":"elsasser-teigknetmaschine-t-200","status":"publish","type":"product","link":"https:\/\/ebay.luba.de\/index.php\/product\/elsasser-teigknetmaschine-t-200\/","title":{"rendered":"Els\u00e4sser Teigknetmaschine T 200"},"content":{"rendered":"<p>Die Els\u00e4sser Knetmaschine T 200 f\u00fcr 1-8 kg Teig. Ein Edelstahltopf mit 17 Litern Inhalt und ein robustes Knetwerk, das sich schnell aufmontieren l\u00e4sst, das ergibt eine Knetmaschine, deren Leistungsbereich weit in die Klasse der gewerblichen Modelle hineinreicht. Sie besitzt einen robusten Industriemotor, der durch einen \u00dcberlastungsschuzt nahezu unverw\u00fcstlich ist. Sie ist einfach zu bedienen und leicht zu reinigen.<\/p>\n","protected":false},"excerpt":{"rendered":"<p>Die Els\u00e4sser Knetmaschine T 200 f\u00fcr 1-8 kg Teig. Ein Edelstahltopf mit 17 Litern Inhalt und ein robustes Knetwerk, das sich schnell aufmontieren l\u00e4sst, das ergibt eine Knetmaschine, deren Leistungsbereich weit in die Klasse der gewerblichen Modelle hineinreicht. Sie besitzt einen robusten Industriemotor, der durch einen \u00dcberlastungsschuzt nahezu unverw\u00fcstlich ist. Sie ist einfach zu bedienen [&hellip;]<\/p>\n","protected":false},"featured_media":15749,"comment_status":"closed","ping_status":"open","template":"","meta":[],"product_brand":[],"product_cat":[235,236],"product_tag":[],"class_list":{"0":"post-14804","1":"product","2":"type-product","3":"status-publish","4":"has-post-thumbnail","6":"product_cat-gewerbegerate","7":"product_cat-teigknetmaschinen","9":"first","10":"outofstock","11":"taxable","12":"shipping-taxable","13":"purchasable","14":"product-type-simple"},"_links":{"self":[{"href":"https:\/\/ebay.luba.de\/index.php\/wp-json\/wp\/v2\/product\/14804","targetHints":{"allow":["GET"]}}],"collection":[{"href":"https:\/\/ebay.luba.de\/index.php\/wp-json\/wp\/v2\/product"}],"about":[{"href":"https:\/\/ebay.luba.de\/index.php\/wp-json\/wp\/v2\/types\/product"}],"replies":[{"embeddable":true,"href":"https:\/\/ebay.luba.de\/index.php\/wp-json\/wp\/v2\/comments?post=14804"}],"wp:featuredmedia":[{"embeddable":true,"href":"https:\/\/ebay.luba.de\/index.php\/wp-json\/wp\/v2\/media\/15749"}],"wp:attachment":[{"href":"https:\/\/ebay.luba.de\/index.php\/wp-json\/wp\/v2\/media?parent=14804"}],"wp:term":[{"taxonomy":"product_brand","embeddable":true,"href":"https:\/\/ebay.luba.de\/index.php\/wp-json\/wp\/v2\/product_brand?post=14804"},{"taxonomy":"product_cat","embeddable":true,"href":"https:\/\/ebay.luba.de\/index.php\/wp-json\/wp\/v2\/product_cat?post=14804"},{"taxonomy":"product_tag","embeddable":true,"href":"https:\/\/ebay.luba.de\/index.php\/wp-json\/wp\/v2\/product_tag?post=14804"}],"curies":[{"name":"wp","href":"https:\/\/api.w.org\/{rel}","templated":true}]}}