{"id":14803,"date":"2020-12-06T15:50:06","date_gmt":"2020-12-06T15:50:06","guid":{"rendered":"https:\/\/ebay.luba.de\/index.php\/product\/hawos-muhle-2\/"},"modified":"2023-09-26T06:51:11","modified_gmt":"2023-09-26T06:51:11","slug":"hawos-muhle-2","status":"publish","type":"product","link":"https:\/\/ebay.luba.de\/index.php\/product\/hawos-muhle-2\/","title":{"rendered":"hawos M\u00fchle 2"},"content":{"rendered":"<p>Wie M\u00fchle 1, jedoch Mahlleistung 220 g feines Vollkornmehl in der Minute. Motorleistung: 600 Watt. Ma\u00dfe: H 450 x B 210 x T 210 mm  Testmagazin 9\/2015, 8 M\u00fchlen im Test: 1 x sehr gut, 7 x gut Haus &#038; Garten Test 06\/2013, Testurteil gut 1,5, 6 M\u00fchlen im Test: 2 x Sehr gut, 4 x gut<\/p>\n","protected":false},"excerpt":{"rendered":"<p>Wie M\u00fchle 1, jedoch Mahlleistung 220 g feines Vollkornmehl in der Minute. Motorleistung: 600 Watt. Ma\u00dfe: H 450 x B 210 x T 210 mm Testmagazin 9\/2015, 8 M\u00fchlen im Test: 1 x sehr gut, 7 x gut Haus &#038; Garten Test 06\/2013, Testurteil gut 1,5, 6 M\u00fchlen im Test: 2 x Sehr gut, 4 [&hellip;]<\/p>\n","protected":false},"featured_media":15748,"comment_status":"closed","ping_status":"open","template":"","meta":[],"product_brand":[],"product_cat":[223,222,202],"product_tag":[],"class_list":{"0":"post-14803","1":"product","2":"type-product","3":"status-publish","4":"has-post-thumbnail","6":"product_cat-elektrisch","7":"product_cat-getreidemuhlen-kuchengerate-elektro","8":"product_cat-kuchengerate-elektro","10":"first","11":"instock","12":"taxable","13":"shipping-taxable","14":"purchasable","15":"product-type-simple"},"_links":{"self":[{"href":"https:\/\/ebay.luba.de\/index.php\/wp-json\/wp\/v2\/product\/14803","targetHints":{"allow":["GET"]}}],"collection":[{"href":"https:\/\/ebay.luba.de\/index.php\/wp-json\/wp\/v2\/product"}],"about":[{"href":"https:\/\/ebay.luba.de\/index.php\/wp-json\/wp\/v2\/types\/product"}],"replies":[{"embeddable":true,"href":"https:\/\/ebay.luba.de\/index.php\/wp-json\/wp\/v2\/comments?post=14803"}],"wp:featuredmedia":[{"embeddable":true,"href":"https:\/\/ebay.luba.de\/index.php\/wp-json\/wp\/v2\/media\/15748"}],"wp:attachment":[{"href":"https:\/\/ebay.luba.de\/index.php\/wp-json\/wp\/v2\/media?parent=14803"}],"wp:term":[{"taxonomy":"product_brand","embeddable":true,"href":"https:\/\/ebay.luba.de\/index.php\/wp-json\/wp\/v2\/product_brand?post=14803"},{"taxonomy":"product_cat","embeddable":true,"href":"https:\/\/ebay.luba.de\/index.php\/wp-json\/wp\/v2\/product_cat?post=14803"},{"taxonomy":"product_tag","embeddable":true,"href":"https:\/\/ebay.luba.de\/index.php\/wp-json\/wp\/v2\/product_tag?post=14803"}],"curies":[{"name":"wp","href":"https:\/\/api.w.org\/{rel}","templated":true}]}}