{"id":14800,"date":"2020-12-06T15:50:06","date_gmt":"2020-12-06T15:50:06","guid":{"rendered":"https:\/\/ebay.luba.de\/index.php\/product\/hawos-el-flocko-grande\/"},"modified":"2023-09-26T06:51:10","modified_gmt":"2023-09-26T06:51:10","slug":"hawos-el-flocko-grande","status":"publish","type":"product","link":"https:\/\/ebay.luba.de\/index.php\/product\/hawos-el-flocko-grande\/","title":{"rendered":"hawos El Flocko Grande"},"content":{"rendered":"<p>Mit seinem Edelstahl-Flockwerk und einem stabilen, formsch\u00f6nen Geh\u00e4use aus Buche Multiplex sorgt hawos El Flocko Grande f\u00fcr einen kraftvollen Start in den Tag. M\u00fchelos und leise verarbeitet er Hafer, Roggen, Weizen und vieles mehr zu frischen Flocken f\u00fcr das Fr\u00fchst\u00fccksm\u00fcsli. Getreide in den Trichter einf\u00fcllen, Schale unterstellen, einschalten, fertig! Auch f\u00fcr den profesionellen Bereich, z. B. am Fr\u00fchst\u00fccksbuffet im Hotel geeignet. Flockleistung bei Hafer ca. 90 g in der Minute.<\/p>\n","protected":false},"excerpt":{"rendered":"<p>Mit seinem Edelstahl-Flockwerk und einem stabilen, formsch\u00f6nen Geh\u00e4use aus Buche Multiplex sorgt hawos El Flocko Grande f\u00fcr einen kraftvollen Start in den Tag. M\u00fchelos und leise verarbeitet er Hafer, Roggen, Weizen und vieles mehr zu frischen Flocken f\u00fcr das Fr\u00fchst\u00fccksm\u00fcsli. Getreide in den Trichter einf\u00fcllen, Schale unterstellen, einschalten, fertig! Auch f\u00fcr den profesionellen Bereich, z. [&hellip;]<\/p>\n","protected":false},"featured_media":15745,"comment_status":"closed","ping_status":"open","template":"","meta":[],"product_brand":[],"product_cat":[222,202],"product_tag":[],"class_list":{"0":"post-14800","1":"product","2":"type-product","3":"status-publish","4":"has-post-thumbnail","6":"product_cat-getreidemuhlen-kuchengerate-elektro","7":"product_cat-kuchengerate-elektro","9":"first","10":"instock","11":"taxable","12":"shipping-taxable","13":"purchasable","14":"product-type-simple"},"_links":{"self":[{"href":"https:\/\/ebay.luba.de\/index.php\/wp-json\/wp\/v2\/product\/14800","targetHints":{"allow":["GET"]}}],"collection":[{"href":"https:\/\/ebay.luba.de\/index.php\/wp-json\/wp\/v2\/product"}],"about":[{"href":"https:\/\/ebay.luba.de\/index.php\/wp-json\/wp\/v2\/types\/product"}],"replies":[{"embeddable":true,"href":"https:\/\/ebay.luba.de\/index.php\/wp-json\/wp\/v2\/comments?post=14800"}],"wp:featuredmedia":[{"embeddable":true,"href":"https:\/\/ebay.luba.de\/index.php\/wp-json\/wp\/v2\/media\/15745"}],"wp:attachment":[{"href":"https:\/\/ebay.luba.de\/index.php\/wp-json\/wp\/v2\/media?parent=14800"}],"wp:term":[{"taxonomy":"product_brand","embeddable":true,"href":"https:\/\/ebay.luba.de\/index.php\/wp-json\/wp\/v2\/product_brand?post=14800"},{"taxonomy":"product_cat","embeddable":true,"href":"https:\/\/ebay.luba.de\/index.php\/wp-json\/wp\/v2\/product_cat?post=14800"},{"taxonomy":"product_tag","embeddable":true,"href":"https:\/\/ebay.luba.de\/index.php\/wp-json\/wp\/v2\/product_tag?post=14800"}],"curies":[{"name":"wp","href":"https:\/\/api.w.org\/{rel}","templated":true}]}}