{"id":14797,"date":"2020-12-06T15:50:06","date_gmt":"2020-12-06T15:50:06","guid":{"rendered":"https:\/\/ebay.luba.de\/index.php\/product\/hawos-queen-1-10-jahre-garantie\/"},"modified":"2023-09-26T09:51:06","modified_gmt":"2023-09-26T09:51:06","slug":"hawos-queen-1-10-jahre-garantie","status":"publish","type":"product","link":"https:\/\/ebay.luba.de\/index.php\/product\/hawos-queen-1-10-jahre-garantie\/","title":{"rendered":"hawos Queen 1 &#8211; 10 Jahre Garantie &#8211;"},"content":{"rendered":"<p>Queen aus Buche-Multiplex ist ein echter Klassiker f\u00fcr alle, die zwar am Preis, jedoch nicht an Qualit\u00e4t und Optik sparen wollen. In Modultechnik konstruiert und in zwei Gr\u00f6\u00dfen erh\u00e4ltlich, besteht das Geh\u00e4use aus besonders stabilen Multiplex-Platten, die dank spezieller Verleimung selbst gro\u00dfen Temperaturschwankungen in der K\u00fcche standhalten. Auch die Mahlkammer aus lebensmittelechtem, hygienischem Kunststoff entspricht h\u00f6chsten Qualit\u00e4tsanspr\u00fcchen. Mahlleistung bei Einstellung &#8220;fein&#8221;: ca. 125 g\/min. Robuste Mahlsteine, 100 mm \u00f8, Korund\/Keramik,selbstnachsch\u00e4rfend, Motorleistung: 360 Watt. Ma\u00dfe: H 385 x B 210 x T 210 mm<\/p>\n","protected":false},"excerpt":{"rendered":"<p>Queen aus Buche-Multiplex ist ein echter Klassiker f\u00fcr alle, die zwar am Preis, jedoch nicht an Qualit\u00e4t und Optik sparen wollen. In Modultechnik konstruiert und in zwei Gr\u00f6\u00dfen erh\u00e4ltlich, besteht das Geh\u00e4use aus besonders stabilen Multiplex-Platten, die dank spezieller Verleimung selbst gro\u00dfen Temperaturschwankungen in der K\u00fcche standhalten. Auch die Mahlkammer aus lebensmittelechtem, hygienischem Kunststoff entspricht [&hellip;]<\/p>\n","protected":false},"featured_media":15742,"comment_status":"closed","ping_status":"open","template":"","meta":[],"product_brand":[],"product_cat":[223,222,202],"product_tag":[],"class_list":{"0":"post-14797","1":"product","2":"type-product","3":"status-publish","4":"has-post-thumbnail","6":"product_cat-elektrisch","7":"product_cat-getreidemuhlen-kuchengerate-elektro","8":"product_cat-kuchengerate-elektro","10":"first","11":"instock","12":"taxable","13":"shipping-taxable","14":"purchasable","15":"product-type-simple"},"_links":{"self":[{"href":"https:\/\/ebay.luba.de\/index.php\/wp-json\/wp\/v2\/product\/14797","targetHints":{"allow":["GET"]}}],"collection":[{"href":"https:\/\/ebay.luba.de\/index.php\/wp-json\/wp\/v2\/product"}],"about":[{"href":"https:\/\/ebay.luba.de\/index.php\/wp-json\/wp\/v2\/types\/product"}],"replies":[{"embeddable":true,"href":"https:\/\/ebay.luba.de\/index.php\/wp-json\/wp\/v2\/comments?post=14797"}],"wp:featuredmedia":[{"embeddable":true,"href":"https:\/\/ebay.luba.de\/index.php\/wp-json\/wp\/v2\/media\/15742"}],"wp:attachment":[{"href":"https:\/\/ebay.luba.de\/index.php\/wp-json\/wp\/v2\/media?parent=14797"}],"wp:term":[{"taxonomy":"product_brand","embeddable":true,"href":"https:\/\/ebay.luba.de\/index.php\/wp-json\/wp\/v2\/product_brand?post=14797"},{"taxonomy":"product_cat","embeddable":true,"href":"https:\/\/ebay.luba.de\/index.php\/wp-json\/wp\/v2\/product_cat?post=14797"},{"taxonomy":"product_tag","embeddable":true,"href":"https:\/\/ebay.luba.de\/index.php\/wp-json\/wp\/v2\/product_tag?post=14797"}],"curies":[{"name":"wp","href":"https:\/\/api.w.org\/{rel}","templated":true}]}}