{"id":14796,"date":"2020-12-06T15:50:06","date_gmt":"2020-12-06T15:50:06","guid":{"rendered":"https:\/\/ebay.luba.de\/index.php\/product\/hawos-easy-mit-360-watt-10-jahre-garantie\/"},"modified":"2023-09-26T06:51:10","modified_gmt":"2023-09-26T06:51:10","slug":"hawos-easy-mit-360-watt-10-jahre-garantie","status":"publish","type":"product","link":"https:\/\/ebay.luba.de\/index.php\/product\/hawos-easy-mit-360-watt-10-jahre-garantie\/","title":{"rendered":"hawos Easy mit 360 Watt &#8211; 10 Jahre Garantie &#8211;"},"content":{"rendered":"<p>Kleine M\u00fchle, gro\u00dfe Leistung: Easy mahlt wie eine gro\u00dfe sogar Mais oder Amaranth. Besonders einfach zu bedienen, macht die Easy ihrem Namen alle Ehre: Je nach Einstellung produziert sie 100 g Mehl bis 250 g grobes Schrot in der Minute &#8211; und das mit nur einem Griff; denn das Handrad sorgt f\u00fcr die stufenlose Einstellung des Mahlgrads. Robuste Mahlsteine, 70 mm \u00f8, Korund\/Keramik, Selbstnachsch\u00e4rfend. Motorleistung: 360 Watt &#8211; Ma\u00dfe: H 330 x B 150 x T 150 mm. Haus &amp; Garten Test 02\/2012, Testurteil gut 1,8, 5 M\u00fchlen im Test: 2 x Sehr gut, 2 x Gut, 1 x Ausreichend TESTMAGAZIN-Urteil 03\/2010, Testurteil gut 85,3%, 8 M\u00fchlen im Test: 1 x Sehr gut, 6 x Gut, 1 x Befriedigend<\/p>\n","protected":false},"excerpt":{"rendered":"<p>Kleine M\u00fchle, gro\u00dfe Leistung: Easy mahlt wie eine gro\u00dfe sogar Mais oder Amaranth. Besonders einfach zu bedienen, macht die Easy ihrem Namen alle Ehre: Je nach Einstellung produziert sie 100 g Mehl bis 250 g grobes Schrot in der Minute &#8211; und das mit nur einem Griff; denn das Handrad sorgt f\u00fcr die stufenlose Einstellung [&hellip;]<\/p>\n","protected":false},"featured_media":15741,"comment_status":"closed","ping_status":"open","template":"","meta":[],"product_brand":[],"product_cat":[223,222,202],"product_tag":[],"class_list":{"0":"post-14796","1":"product","2":"type-product","3":"status-publish","4":"has-post-thumbnail","6":"product_cat-elektrisch","7":"product_cat-getreidemuhlen-kuchengerate-elektro","8":"product_cat-kuchengerate-elektro","10":"first","11":"outofstock","12":"taxable","13":"shipping-taxable","14":"purchasable","15":"product-type-simple"},"_links":{"self":[{"href":"https:\/\/ebay.luba.de\/index.php\/wp-json\/wp\/v2\/product\/14796","targetHints":{"allow":["GET"]}}],"collection":[{"href":"https:\/\/ebay.luba.de\/index.php\/wp-json\/wp\/v2\/product"}],"about":[{"href":"https:\/\/ebay.luba.de\/index.php\/wp-json\/wp\/v2\/types\/product"}],"replies":[{"embeddable":true,"href":"https:\/\/ebay.luba.de\/index.php\/wp-json\/wp\/v2\/comments?post=14796"}],"wp:featuredmedia":[{"embeddable":true,"href":"https:\/\/ebay.luba.de\/index.php\/wp-json\/wp\/v2\/media\/15741"}],"wp:attachment":[{"href":"https:\/\/ebay.luba.de\/index.php\/wp-json\/wp\/v2\/media?parent=14796"}],"wp:term":[{"taxonomy":"product_brand","embeddable":true,"href":"https:\/\/ebay.luba.de\/index.php\/wp-json\/wp\/v2\/product_brand?post=14796"},{"taxonomy":"product_cat","embeddable":true,"href":"https:\/\/ebay.luba.de\/index.php\/wp-json\/wp\/v2\/product_cat?post=14796"},{"taxonomy":"product_tag","embeddable":true,"href":"https:\/\/ebay.luba.de\/index.php\/wp-json\/wp\/v2\/product_tag?post=14796"}],"curies":[{"name":"wp","href":"https:\/\/api.w.org\/{rel}","templated":true}]}}