{"id":14785,"date":"2020-12-06T15:50:06","date_gmt":"2020-12-06T15:50:06","guid":{"rendered":"https:\/\/ebay.luba.de\/index.php\/product\/mehl-sieb-18-cm-o-maschenweite-0-5-mm\/"},"modified":"2023-09-26T06:51:09","modified_gmt":"2023-09-26T06:51:09","slug":"mehl-sieb-18-cm-o-maschenweite-0-5-mm","status":"publish","type":"product","link":"https:\/\/ebay.luba.de\/index.php\/product\/mehl-sieb-18-cm-o-maschenweite-0-5-mm\/","title":{"rendered":"Mehl-Sieb 18 cm \u00f8, Maschenweite 0, 5 mm"},"content":{"rendered":"<p>Mehlsiebe sind n\u00fctzlich, wenn Sie &#8220;wei\u00dfes&#8221; Mehl zum Backen verwenden m\u00f6chten. Die zur\u00fcckbleibende Kleie l\u00e4sst sich beim Kochen kreativ verwenden. Geh\u00e4use aus Holz; feines Gittersieb aus Drahtgeflecht, Durchmesser 18 cm, Maschenweite 0,5 mm. Das Griesieb ist zum Trennen von Mehl und Kleie.<\/p>\n","protected":false},"excerpt":{"rendered":"<p>Mehlsiebe sind n\u00fctzlich, wenn Sie &#8220;wei\u00dfes&#8221; Mehl zum Backen verwenden m\u00f6chten. Die zur\u00fcckbleibende Kleie l\u00e4sst sich beim Kochen kreativ verwenden. Geh\u00e4use aus Holz; feines Gittersieb aus Drahtgeflecht, Durchmesser 18 cm, Maschenweite 0,5 mm. Das Griesieb ist zum Trennen von Mehl und Kleie.<\/p>\n","protected":false},"featured_media":15731,"comment_status":"closed","ping_status":"open","template":"","meta":[],"product_brand":[],"product_cat":[199,234],"product_tag":[],"class_list":{"0":"post-14785","1":"product","2":"type-product","3":"status-publish","4":"has-post-thumbnail","6":"product_cat-kuchenhelfer","7":"product_cat-siebe","9":"first","10":"instock","11":"taxable","12":"shipping-taxable","13":"purchasable","14":"product-type-simple"},"_links":{"self":[{"href":"https:\/\/ebay.luba.de\/index.php\/wp-json\/wp\/v2\/product\/14785","targetHints":{"allow":["GET"]}}],"collection":[{"href":"https:\/\/ebay.luba.de\/index.php\/wp-json\/wp\/v2\/product"}],"about":[{"href":"https:\/\/ebay.luba.de\/index.php\/wp-json\/wp\/v2\/types\/product"}],"replies":[{"embeddable":true,"href":"https:\/\/ebay.luba.de\/index.php\/wp-json\/wp\/v2\/comments?post=14785"}],"wp:featuredmedia":[{"embeddable":true,"href":"https:\/\/ebay.luba.de\/index.php\/wp-json\/wp\/v2\/media\/15731"}],"wp:attachment":[{"href":"https:\/\/ebay.luba.de\/index.php\/wp-json\/wp\/v2\/media?parent=14785"}],"wp:term":[{"taxonomy":"product_brand","embeddable":true,"href":"https:\/\/ebay.luba.de\/index.php\/wp-json\/wp\/v2\/product_brand?post=14785"},{"taxonomy":"product_cat","embeddable":true,"href":"https:\/\/ebay.luba.de\/index.php\/wp-json\/wp\/v2\/product_cat?post=14785"},{"taxonomy":"product_tag","embeddable":true,"href":"https:\/\/ebay.luba.de\/index.php\/wp-json\/wp\/v2\/product_tag?post=14785"}],"curies":[{"name":"wp","href":"https:\/\/api.w.org\/{rel}","templated":true}]}}