{"id":14776,"date":"2020-12-06T15:49:50","date_gmt":"2020-12-06T15:49:50","guid":{"rendered":"https:\/\/ebay.luba.de\/index.php\/product\/kornkraft-mulino-mit-kaffeemahlstein\/"},"modified":"2023-09-26T06:51:09","modified_gmt":"2023-09-26T06:51:09","slug":"kornkraft-mulino-mit-kaffeemahlstein","status":"publish","type":"product","link":"https:\/\/ebay.luba.de\/index.php\/product\/kornkraft-mulino-mit-kaffeemahlstein\/","title":{"rendered":"Kornkraft Mulino mit Kaffeemahlstein"},"content":{"rendered":"<p>Handm\u00fchle f\u00fcr Kaffeebohnen, mit speziell geformtem Steinmahlwerk. Der Feinheitsgrad ist beliebig einstellbar, grob f\u00fcr Filterkaffee oder fein f\u00fcr Espresso. Geh\u00e4use aus massiver Buche, mit nat\u00fcrlichem Bienenwachs behandelt. Trichterf\u00fcllmenge ca. 100 g Kaffeebohnen.<\/p>\n","protected":false},"excerpt":{"rendered":"<p>Handm\u00fchle f\u00fcr Kaffeebohnen, mit speziell geformtem Steinmahlwerk. Der Feinheitsgrad ist beliebig einstellbar, grob f\u00fcr Filterkaffee oder fein f\u00fcr Espresso. Geh\u00e4use aus massiver Buche, mit nat\u00fcrlichem Bienenwachs behandelt. Trichterf\u00fcllmenge ca. 100 g Kaffeebohnen.<\/p>\n","protected":false},"featured_media":15722,"comment_status":"closed","ping_status":"open","template":"","meta":[],"product_brand":[],"product_cat":[218,215],"product_tag":[],"class_list":{"0":"post-14776","1":"product","2":"type-product","3":"status-publish","4":"has-post-thumbnail","6":"product_cat-getreidemuhlen","7":"product_cat-kuchengerate-handbetrieb","9":"first","10":"instock","11":"taxable","12":"shipping-taxable","13":"purchasable","14":"product-type-simple"},"_links":{"self":[{"href":"https:\/\/ebay.luba.de\/index.php\/wp-json\/wp\/v2\/product\/14776","targetHints":{"allow":["GET"]}}],"collection":[{"href":"https:\/\/ebay.luba.de\/index.php\/wp-json\/wp\/v2\/product"}],"about":[{"href":"https:\/\/ebay.luba.de\/index.php\/wp-json\/wp\/v2\/types\/product"}],"replies":[{"embeddable":true,"href":"https:\/\/ebay.luba.de\/index.php\/wp-json\/wp\/v2\/comments?post=14776"}],"wp:featuredmedia":[{"embeddable":true,"href":"https:\/\/ebay.luba.de\/index.php\/wp-json\/wp\/v2\/media\/15722"}],"wp:attachment":[{"href":"https:\/\/ebay.luba.de\/index.php\/wp-json\/wp\/v2\/media?parent=14776"}],"wp:term":[{"taxonomy":"product_brand","embeddable":true,"href":"https:\/\/ebay.luba.de\/index.php\/wp-json\/wp\/v2\/product_brand?post=14776"},{"taxonomy":"product_cat","embeddable":true,"href":"https:\/\/ebay.luba.de\/index.php\/wp-json\/wp\/v2\/product_cat?post=14776"},{"taxonomy":"product_tag","embeddable":true,"href":"https:\/\/ebay.luba.de\/index.php\/wp-json\/wp\/v2\/product_tag?post=14776"}],"curies":[{"name":"wp","href":"https:\/\/api.w.org\/{rel}","templated":true}]}}