{"id":14773,"date":"2020-12-06T15:49:50","date_gmt":"2020-12-06T15:49:50","guid":{"rendered":"https:\/\/ebay.luba.de\/index.php\/product\/zassenhaus-handmuhle-190-bu\/"},"modified":"2023-09-11T13:51:06","modified_gmt":"2023-09-11T13:51:06","slug":"zassenhaus-handmuhle-190-bu","status":"publish","type":"product","link":"https:\/\/ebay.luba.de\/index.php\/product\/zassenhaus-handmuhle-190-bu\/","title":{"rendered":"Zassenhaus Handm\u00fchle 190 BU"},"content":{"rendered":"<p>Kornm\u00fchle aus Buchenholz natur mit einer Schublade. Die Zassenhaus-M\u00fchlen sind mit einem Pr\u00e4zisions-Stahlmahlwerk mit patentierter Grob-\/Feineinstellung ausgestattet. Gewicht 1,2 kg, Ma\u00dfe H\/B\/T ca. 20\/25,5\/15 cm.<\/p>\n","protected":false},"excerpt":{"rendered":"<p>Kornm\u00fchle aus Buchenholz natur mit einer Schublade. Die Zassenhaus-M\u00fchlen sind mit einem Pr\u00e4zisions-Stahlmahlwerk mit patentierter Grob-\/Feineinstellung ausgestattet. Gewicht 1,2 kg, Ma\u00dfe H\/B\/T ca. 20\/25,5\/15 cm.<\/p>\n","protected":false},"featured_media":15718,"comment_status":"closed","ping_status":"open","template":"","meta":[],"product_brand":[],"product_cat":[218,231,215],"product_tag":[],"class_list":{"0":"post-14773","1":"product","2":"type-product","3":"status-publish","4":"has-post-thumbnail","6":"product_cat-getreidemuhlen","7":"product_cat-handbetrieben","8":"product_cat-kuchengerate-handbetrieb","10":"first","11":"instock","12":"taxable","13":"shipping-taxable","14":"purchasable","15":"product-type-simple"},"_links":{"self":[{"href":"https:\/\/ebay.luba.de\/index.php\/wp-json\/wp\/v2\/product\/14773","targetHints":{"allow":["GET"]}}],"collection":[{"href":"https:\/\/ebay.luba.de\/index.php\/wp-json\/wp\/v2\/product"}],"about":[{"href":"https:\/\/ebay.luba.de\/index.php\/wp-json\/wp\/v2\/types\/product"}],"replies":[{"embeddable":true,"href":"https:\/\/ebay.luba.de\/index.php\/wp-json\/wp\/v2\/comments?post=14773"}],"wp:featuredmedia":[{"embeddable":true,"href":"https:\/\/ebay.luba.de\/index.php\/wp-json\/wp\/v2\/media\/15718"}],"wp:attachment":[{"href":"https:\/\/ebay.luba.de\/index.php\/wp-json\/wp\/v2\/media?parent=14773"}],"wp:term":[{"taxonomy":"product_brand","embeddable":true,"href":"https:\/\/ebay.luba.de\/index.php\/wp-json\/wp\/v2\/product_brand?post=14773"},{"taxonomy":"product_cat","embeddable":true,"href":"https:\/\/ebay.luba.de\/index.php\/wp-json\/wp\/v2\/product_cat?post=14773"},{"taxonomy":"product_tag","embeddable":true,"href":"https:\/\/ebay.luba.de\/index.php\/wp-json\/wp\/v2\/product_tag?post=14773"}],"curies":[{"name":"wp","href":"https:\/\/api.w.org\/{rel}","templated":true}]}}