{"id":14770,"date":"2020-12-06T15:49:50","date_gmt":"2020-12-06T15:49:50","guid":{"rendered":"https:\/\/ebay.luba.de\/index.php\/product\/anni-flockenquetsche-mit-stahlwalzen\/"},"modified":"2023-09-26T10:51:06","modified_gmt":"2023-09-26T10:51:06","slug":"anni-flockenquetsche-mit-stahlwalzen","status":"publish","type":"product","link":"https:\/\/ebay.luba.de\/index.php\/product\/anni-flockenquetsche-mit-stahlwalzen\/","title":{"rendered":"Anni Flockenquetsche mit Stahlwalzen"},"content":{"rendered":"<p class=\"p1\">Dank dem innovativen 2:1 \u00dcbersetzungsgetriebe ist die Anni besonders leicht zu drehen und somit ideal f\u00fcr s\u00e4mtliche Altersgruppen.<\/p>\n<p>Die Flockenst\u00e4rke ist 3-stufig verstellbar.<\/p>\n<p>F\u00fcr jedes Getreide (nicht f\u00fcr \u00d6lsaaten) geeignet.<\/p>\n<p>Gewicht 2,5 kg.<\/p>\n<p>Ma\u00dfe H\/B\/T ohne Kurbel: ca. 27,5\/12\/15,5 cm.<\/p>\n","protected":false},"excerpt":{"rendered":"<p>Dank dem innovativen 2:1 \u00dcbersetzungsgetriebe ist die Anni besonders leicht zu drehen und somit ideal f\u00fcr s\u00e4mtliche Altersgruppen. Die Flockenst\u00e4rke ist 3-stufig verstellbar. F\u00fcr jedes Getreide (nicht f\u00fcr \u00d6lsaaten) geeignet. Gewicht 2,5 kg. Ma\u00dfe H\/B\/T ohne Kurbel: ca. 27,5\/12\/15,5 cm.<\/p>\n","protected":false},"featured_media":15716,"comment_status":"closed","ping_status":"open","template":"","meta":[],"product_brand":[],"product_cat":[217,215],"product_tag":[],"class_list":{"0":"post-14770","1":"product","2":"type-product","3":"status-publish","4":"has-post-thumbnail","6":"product_cat-flocker","7":"product_cat-kuchengerate-handbetrieb","9":"first","10":"instock","11":"taxable","12":"shipping-taxable","13":"purchasable","14":"product-type-simple"},"_links":{"self":[{"href":"https:\/\/ebay.luba.de\/index.php\/wp-json\/wp\/v2\/product\/14770","targetHints":{"allow":["GET"]}}],"collection":[{"href":"https:\/\/ebay.luba.de\/index.php\/wp-json\/wp\/v2\/product"}],"about":[{"href":"https:\/\/ebay.luba.de\/index.php\/wp-json\/wp\/v2\/types\/product"}],"replies":[{"embeddable":true,"href":"https:\/\/ebay.luba.de\/index.php\/wp-json\/wp\/v2\/comments?post=14770"}],"wp:featuredmedia":[{"embeddable":true,"href":"https:\/\/ebay.luba.de\/index.php\/wp-json\/wp\/v2\/media\/15716"}],"wp:attachment":[{"href":"https:\/\/ebay.luba.de\/index.php\/wp-json\/wp\/v2\/media?parent=14770"}],"wp:term":[{"taxonomy":"product_brand","embeddable":true,"href":"https:\/\/ebay.luba.de\/index.php\/wp-json\/wp\/v2\/product_brand?post=14770"},{"taxonomy":"product_cat","embeddable":true,"href":"https:\/\/ebay.luba.de\/index.php\/wp-json\/wp\/v2\/product_cat?post=14770"},{"taxonomy":"product_tag","embeddable":true,"href":"https:\/\/ebay.luba.de\/index.php\/wp-json\/wp\/v2\/product_tag?post=14770"}],"curies":[{"name":"wp","href":"https:\/\/api.w.org\/{rel}","templated":true}]}}