{"id":14769,"date":"2020-12-06T15:49:50","date_gmt":"2020-12-06T15:49:50","guid":{"rendered":"https:\/\/ebay.luba.de\/index.php\/product\/eschenfelder-malzmuhle-light-mit-holztrichter\/"},"modified":"2022-11-28T14:09:14","modified_gmt":"2022-11-28T14:09:14","slug":"eschenfelder-malzmuhle-light-mit-holztrichter","status":"publish","type":"product","link":"https:\/\/ebay.luba.de\/index.php\/product\/eschenfelder-malzmuhle-light-mit-holztrichter\/","title":{"rendered":"Eschenfelder Malzm\u00fchle light mit Holztrichter"},"content":{"rendered":"<p>Zum Zerkleinern von Gersten- oder Roggenmalz f\u00fcr die eigene kleine &#8220;Hausbrauerei&#8221;. Antrieb mit Handkurbel, inkl. Adapter f\u00fcr Bohrmaschine oder Akkuschrauber. Zur Herstellung von Haferflocken kann gereinigter Hafer in gr\u00f6\u00dferen Mengen als Pferdefutter gequetscht werden. Mit Edelstahlwalzen 8 cm, Mahlst\u00e4rke einstellbar. Holztrichter, Trichtervolumen ca. 3,4 Liter f\u00fcr ca. 2 kg Malz\/Hafer ausgelegt.<\/p>\n","protected":false},"excerpt":{"rendered":"<p>Zum Zerkleinern von Gersten- oder Roggenmalz f\u00fcr die eigene kleine &#8220;Hausbrauerei&#8221;. Antrieb mit Handkurbel, inkl. Adapter f\u00fcr Bohrmaschine oder Akkuschrauber. Zur Herstellung von Haferflocken kann gereinigter Hafer in gr\u00f6\u00dferen Mengen als Pferdefutter gequetscht werden. Mit Edelstahlwalzen 8 cm, Mahlst\u00e4rke einstellbar. Holztrichter, Trichtervolumen ca. 3,4 Liter f\u00fcr ca. 2 kg Malz\/Hafer ausgelegt.<\/p>\n","protected":false},"featured_media":15715,"comment_status":"closed","ping_status":"open","template":"","meta":[],"product_brand":[],"product_cat":[215,228],"product_tag":[],"class_list":{"0":"post-14769","1":"product","2":"type-product","3":"status-publish","4":"has-post-thumbnail","6":"product_cat-kuchengerate-handbetrieb","7":"product_cat-malzmuhlen-fur-hobby-bierbrauer","9":"first","10":"instock","11":"taxable","12":"shipping-taxable","13":"purchasable","14":"product-type-simple"},"_links":{"self":[{"href":"https:\/\/ebay.luba.de\/index.php\/wp-json\/wp\/v2\/product\/14769","targetHints":{"allow":["GET"]}}],"collection":[{"href":"https:\/\/ebay.luba.de\/index.php\/wp-json\/wp\/v2\/product"}],"about":[{"href":"https:\/\/ebay.luba.de\/index.php\/wp-json\/wp\/v2\/types\/product"}],"replies":[{"embeddable":true,"href":"https:\/\/ebay.luba.de\/index.php\/wp-json\/wp\/v2\/comments?post=14769"}],"wp:featuredmedia":[{"embeddable":true,"href":"https:\/\/ebay.luba.de\/index.php\/wp-json\/wp\/v2\/media\/15715"}],"wp:attachment":[{"href":"https:\/\/ebay.luba.de\/index.php\/wp-json\/wp\/v2\/media?parent=14769"}],"wp:term":[{"taxonomy":"product_brand","embeddable":true,"href":"https:\/\/ebay.luba.de\/index.php\/wp-json\/wp\/v2\/product_brand?post=14769"},{"taxonomy":"product_cat","embeddable":true,"href":"https:\/\/ebay.luba.de\/index.php\/wp-json\/wp\/v2\/product_cat?post=14769"},{"taxonomy":"product_tag","embeddable":true,"href":"https:\/\/ebay.luba.de\/index.php\/wp-json\/wp\/v2\/product_tag?post=14769"}],"curies":[{"name":"wp","href":"https:\/\/api.w.org\/{rel}","templated":true}]}}