{"id":14766,"date":"2020-12-06T15:49:50","date_gmt":"2020-12-06T15:49:50","guid":{"rendered":"https:\/\/ebay.luba.de\/index.php\/product\/eschenfelder-kornquetsche-tischmodell-holztrichter\/"},"modified":"2023-09-26T06:51:08","modified_gmt":"2023-09-26T06:51:08","slug":"eschenfelder-kornquetsche-tischmodell-holztrichter","status":"publish","type":"product","link":"https:\/\/ebay.luba.de\/index.php\/product\/eschenfelder-kornquetsche-tischmodell-holztrichter\/","title":{"rendered":"Eschenfelder Kornquetsche Tischmodell Holztrichter"},"content":{"rendered":"<p>Das massive Buchenholz der formsch\u00f6nen Eschenfelder Korn-Quetschen ist aus heimischen zertifiziert nachhaltigen Forstbest\u00e4nden und mit biologischem Lein\u00f6lfirnis behandelt. Walzen und Sch\u00fctte bestehen aus nickelfreiem Edelstahl, der Trichter aus Holz. Die einfache, solide Technik ohne Zahnr\u00e4der garantiert einen verschlei\u00dffreien Walzenbetrieb, zwei Fl\u00fcgelschrauben erm\u00f6glichen bedarfsweise eine stufenlos einstellbare Flockenst\u00e4rke. Durch die offene Bauweise sind die Korn-Quetschen besonders leicht zu reinigen. Mit der Eschenfelder Korn-Quetsche. K\u00f6nnen alle Getreidesorten (au\u00dfer Mais) zu frischen, naturbelassenen Flocken f\u00fcr ein leckeres, gesundes Fr\u00fchst\u00fcck gequetscht werden. Nur so werden die wertvollen Inhaltsstoffe sanft aufgeschlossen und der Keimling bleibt (im Gegensatz zu gemahlenem Getreide) nahezu unverletzt. Auch \u00d6lsaaten, wie Sonnenblumenkerne, Sesam, Leinsamen, sogar Mohn und Gew\u00fcrze k\u00f6nnen durch die Verwendung von Edelstahlwalzen verarbeitet werden \u2013 nur frisch gequetschte K\u00f6rner enthalten alle Vitalstoffe und bilden so die Basis f\u00fcr eine schmackhafte, gesunde und zeitgem\u00e4\u00dfe Ern\u00e4hrung.<\/p>\n","protected":false},"excerpt":{"rendered":"<p>Das massive Buchenholz der formsch\u00f6nen Eschenfelder Korn-Quetschen ist aus heimischen zertifiziert nachhaltigen Forstbest\u00e4nden und mit biologischem Lein\u00f6lfirnis behandelt. Walzen und Sch\u00fctte bestehen aus nickelfreiem Edelstahl, der Trichter aus Holz. Die einfache, solide Technik ohne Zahnr\u00e4der garantiert einen verschlei\u00dffreien Walzenbetrieb, zwei Fl\u00fcgelschrauben erm\u00f6glichen bedarfsweise eine stufenlos einstellbare Flockenst\u00e4rke. Durch die offene Bauweise sind die Korn-Quetschen besonders [&hellip;]<\/p>\n","protected":false},"featured_media":15712,"comment_status":"closed","ping_status":"open","template":"","meta":[],"product_brand":[],"product_cat":[217,215],"product_tag":[],"class_list":{"0":"post-14766","1":"product","2":"type-product","3":"status-publish","4":"has-post-thumbnail","6":"product_cat-flocker","7":"product_cat-kuchengerate-handbetrieb","9":"first","10":"instock","11":"taxable","12":"shipping-taxable","13":"purchasable","14":"product-type-simple"},"_links":{"self":[{"href":"https:\/\/ebay.luba.de\/index.php\/wp-json\/wp\/v2\/product\/14766","targetHints":{"allow":["GET"]}}],"collection":[{"href":"https:\/\/ebay.luba.de\/index.php\/wp-json\/wp\/v2\/product"}],"about":[{"href":"https:\/\/ebay.luba.de\/index.php\/wp-json\/wp\/v2\/types\/product"}],"replies":[{"embeddable":true,"href":"https:\/\/ebay.luba.de\/index.php\/wp-json\/wp\/v2\/comments?post=14766"}],"wp:featuredmedia":[{"embeddable":true,"href":"https:\/\/ebay.luba.de\/index.php\/wp-json\/wp\/v2\/media\/15712"}],"wp:attachment":[{"href":"https:\/\/ebay.luba.de\/index.php\/wp-json\/wp\/v2\/media?parent=14766"}],"wp:term":[{"taxonomy":"product_brand","embeddable":true,"href":"https:\/\/ebay.luba.de\/index.php\/wp-json\/wp\/v2\/product_brand?post=14766"},{"taxonomy":"product_cat","embeddable":true,"href":"https:\/\/ebay.luba.de\/index.php\/wp-json\/wp\/v2\/product_cat?post=14766"},{"taxonomy":"product_tag","embeddable":true,"href":"https:\/\/ebay.luba.de\/index.php\/wp-json\/wp\/v2\/product_tag?post=14766"}],"curies":[{"name":"wp","href":"https:\/\/api.w.org\/{rel}","templated":true}]}}