{"id":14765,"date":"2020-12-06T15:49:50","date_gmt":"2020-12-06T15:49:50","guid":{"rendered":"https:\/\/ebay.luba.de\/index.php\/product\/eschenfelder-getreidespeicher-1-x1-9-kg-modell-119\/"},"modified":"2023-06-09T08:51:04","modified_gmt":"2023-06-09T08:51:04","slug":"eschenfelder-getreidespeicher-1-x1-9-kg-modell-119","status":"publish","type":"product","link":"https:\/\/ebay.luba.de\/index.php\/product\/eschenfelder-getreidespeicher-1-x1-9-kg-modell-119\/","title":{"rendered":"Eschenfelder Getreidespeicher 1 x1, 9 kg Modell 119"},"content":{"rendered":"<p>\u00c4hnliches Modell wie zuvor, jedoch mit 1 Glasflasche zur Aufbewahrung: 2,1 Liter bzw. ca. 1,9 kg Getreide (sortenabh\u00e4ngig), Ma\u00dfe:  H x B x T  33 cm x 20 cm x 14,3 cm, Gewicht: leer ca. 2 kg<\/p>\n","protected":false},"excerpt":{"rendered":"<p>\u00c4hnliches Modell wie zuvor, jedoch mit 1 Glasflasche zur Aufbewahrung: 2,1 Liter bzw. ca. 1,9 kg Getreide (sortenabh\u00e4ngig), Ma\u00dfe: H x B x T 33 cm x 20 cm x 14,3 cm, Gewicht: leer ca. 2 kg<\/p>\n","protected":false},"featured_media":15711,"comment_status":"closed","ping_status":"open","template":"","meta":[],"product_brand":[],"product_cat":[224,225,199],"product_tag":[],"class_list":{"0":"post-14765","1":"product","2":"type-product","3":"status-publish","4":"has-post-thumbnail","6":"product_cat-aufbewahrung","7":"product_cat-getreidespeicher","8":"product_cat-kuchenhelfer","10":"first","11":"instock","12":"taxable","13":"shipping-taxable","14":"purchasable","15":"product-type-simple"},"_links":{"self":[{"href":"https:\/\/ebay.luba.de\/index.php\/wp-json\/wp\/v2\/product\/14765","targetHints":{"allow":["GET"]}}],"collection":[{"href":"https:\/\/ebay.luba.de\/index.php\/wp-json\/wp\/v2\/product"}],"about":[{"href":"https:\/\/ebay.luba.de\/index.php\/wp-json\/wp\/v2\/types\/product"}],"replies":[{"embeddable":true,"href":"https:\/\/ebay.luba.de\/index.php\/wp-json\/wp\/v2\/comments?post=14765"}],"wp:featuredmedia":[{"embeddable":true,"href":"https:\/\/ebay.luba.de\/index.php\/wp-json\/wp\/v2\/media\/15711"}],"wp:attachment":[{"href":"https:\/\/ebay.luba.de\/index.php\/wp-json\/wp\/v2\/media?parent=14765"}],"wp:term":[{"taxonomy":"product_brand","embeddable":true,"href":"https:\/\/ebay.luba.de\/index.php\/wp-json\/wp\/v2\/product_brand?post=14765"},{"taxonomy":"product_cat","embeddable":true,"href":"https:\/\/ebay.luba.de\/index.php\/wp-json\/wp\/v2\/product_cat?post=14765"},{"taxonomy":"product_tag","embeddable":true,"href":"https:\/\/ebay.luba.de\/index.php\/wp-json\/wp\/v2\/product_tag?post=14765"}],"curies":[{"name":"wp","href":"https:\/\/api.w.org\/{rel}","templated":true}]}}