{"id":14764,"date":"2020-12-06T15:49:50","date_gmt":"2020-12-06T15:49:50","guid":{"rendered":"https:\/\/ebay.luba.de\/index.php\/product\/eschenfelder-getreidespeicher-3-x1-9-kg-modell-319\/"},"modified":"2023-08-07T09:51:06","modified_gmt":"2023-08-07T09:51:06","slug":"eschenfelder-getreidespeicher-3-x1-9-kg-modell-319","status":"publish","type":"product","link":"https:\/\/ebay.luba.de\/index.php\/product\/eschenfelder-getreidespeicher-3-x1-9-kg-modell-319\/","title":{"rendered":"Eschenfelder Getreidespeicher 3 x1, 9 kg Modell 319"},"content":{"rendered":"<p>Der Speicher mit drei gro\u00dfen Flaschen aus Glas. Mit je 1,9 kg Fassungsverm\u00f6gen. Die Eschenfelder Getreidespeicher erm\u00f6glichen die hygienische Aufbewahrung von Getreide, H\u00fclsenfr\u00fcchten, etc. Halterung, F\u00fc\u00dfe mit \u00d6ffner und Abf\u00fcllregulierung sind aus massivem heimischem Buchenholz gefertigt, welches mit Lein\u00f6lfirnis aus zertifiziert biologischem Anbau behandelt wurde. Das Glasgef\u00e4\u00df ist mit der \u00d6ffnung nach unten im Fu\u00df verschraubt und kann zur Bef\u00fcllung und Reinigung mit einer leichten Drehbewegung gel\u00f6st werden. Im Lieferumfang enthalten: Befestigungsschrauben und D\u00fcbel Fassungsverm\u00f6gen (Glasflasche): 3 x 2,1 Liter (ca. 1,9 kg Getreide, sortenabh\u00e4ngig), Ma\u00df: H x B x T  33 cm x 48,5 cm x 14,3 cm, Gewicht: leer ca. 5,5 kg<\/p>\n","protected":false},"excerpt":{"rendered":"<p>Der Speicher mit drei gro\u00dfen Flaschen aus Glas. Mit je 1,9 kg Fassungsverm\u00f6gen. Die Eschenfelder Getreidespeicher erm\u00f6glichen die hygienische Aufbewahrung von Getreide, H\u00fclsenfr\u00fcchten, etc. Halterung, F\u00fc\u00dfe mit \u00d6ffner und Abf\u00fcllregulierung sind aus massivem heimischem Buchenholz gefertigt, welches mit Lein\u00f6lfirnis aus zertifiziert biologischem Anbau behandelt wurde. Das Glasgef\u00e4\u00df ist mit der \u00d6ffnung nach unten im Fu\u00df [&hellip;]<\/p>\n","protected":false},"featured_media":15710,"comment_status":"closed","ping_status":"open","template":"","meta":[],"product_brand":[],"product_cat":[224,225,199],"product_tag":[],"class_list":{"0":"post-14764","1":"product","2":"type-product","3":"status-publish","4":"has-post-thumbnail","6":"product_cat-aufbewahrung","7":"product_cat-getreidespeicher","8":"product_cat-kuchenhelfer","10":"first","11":"instock","12":"taxable","13":"shipping-taxable","14":"purchasable","15":"product-type-simple"},"_links":{"self":[{"href":"https:\/\/ebay.luba.de\/index.php\/wp-json\/wp\/v2\/product\/14764","targetHints":{"allow":["GET"]}}],"collection":[{"href":"https:\/\/ebay.luba.de\/index.php\/wp-json\/wp\/v2\/product"}],"about":[{"href":"https:\/\/ebay.luba.de\/index.php\/wp-json\/wp\/v2\/types\/product"}],"replies":[{"embeddable":true,"href":"https:\/\/ebay.luba.de\/index.php\/wp-json\/wp\/v2\/comments?post=14764"}],"wp:featuredmedia":[{"embeddable":true,"href":"https:\/\/ebay.luba.de\/index.php\/wp-json\/wp\/v2\/media\/15710"}],"wp:attachment":[{"href":"https:\/\/ebay.luba.de\/index.php\/wp-json\/wp\/v2\/media?parent=14764"}],"wp:term":[{"taxonomy":"product_brand","embeddable":true,"href":"https:\/\/ebay.luba.de\/index.php\/wp-json\/wp\/v2\/product_brand?post=14764"},{"taxonomy":"product_cat","embeddable":true,"href":"https:\/\/ebay.luba.de\/index.php\/wp-json\/wp\/v2\/product_cat?post=14764"},{"taxonomy":"product_tag","embeddable":true,"href":"https:\/\/ebay.luba.de\/index.php\/wp-json\/wp\/v2\/product_tag?post=14764"}],"curies":[{"name":"wp","href":"https:\/\/api.w.org\/{rel}","templated":true}]}}