{"id":14758,"date":"2020-12-06T15:49:16","date_gmt":"2020-12-06T15:49:16","guid":{"rendered":"https:\/\/ebay.luba.de\/index.php\/product\/stockli-maroni-ofen-24-cm-mit-deckel\/"},"modified":"2023-09-26T06:51:07","modified_gmt":"2023-09-26T06:51:07","slug":"stockli-maroni-ofen-24-cm-mit-deckel","status":"publish","type":"product","link":"https:\/\/ebay.luba.de\/index.php\/product\/stockli-maroni-ofen-24-cm-mit-deckel\/","title":{"rendered":"St\u00f6ckli Maroni-Ofen 24 cm mit Deckel"},"content":{"rendered":"<h2>ST\u00d6CKLI Marroniofen &#8211; Esskastanien Ofen &#8211; NEUE 2021 VERSION<\/h2>\n<div class=\"long_desc\">\n<div class=\"product-content\">\n<h2>St\u00f6ckli Maronen \/ Esskastanien Ofen<\/h2>\n<p>Der Klassiker auf Festen und Jahrm\u00e4rkten. Vor allem in der gem\u00fctlichen Herbst- und Winterzeit sind Maronen \/ Esskastanien besonders beliebt. Mit dem St\u00f6ckli Maroni-Ofen bringen Sie den k\u00f6stlichen Duft von Maronen in Ihr Zuhause.<\/p>\n<h3><strong>Zubereitung<\/strong><\/h3>\n<p>Mit einer Aufheizzeit von ca. 5 Minuten und ca. 500 Gramm Maronen dauert es ca 15 \u2013 20 Minuten, bis die Maroni fertig gegart sind. Gelegentlich umr\u00fchren, ansonsten f\u00fcr ein besseres Ergebnis den Deckel drauf lassen. Die Edelkastanien werden an der breiten Seite eingeritzt (am besten ein Kreuz Schnitt) und in den vorgeheizten Maroni-Ofen gegeben. F\u00fcr das Einritzen der Maronen ist ein Maronenmesser ideal. Dieses kann separat als Zubeh\u00f6r erworben werden.<\/p>\n<h3><strong>Produktdetails<\/strong><\/h3>\n<p><strong>Fassungsverm\u00f6gen:<\/strong>\u00a0ca. 500 Gramm Maronen \/ Esskastanien<br \/>\n<strong>Material:<\/strong>\u00a0Metallgeh\u00e4use mit Holzgriffen<br \/>\nL<strong>eistung:<\/strong>\u00a0230 Volt \/ 600 Watt<br \/>\n<strong>Ma\u00dfe:<\/strong>\u00a0H\u00f6he 22 cm; Durchmesser 24 cm<br \/>\n<strong>Garantie:<\/strong>\u00a02 Jahre<\/p>\n<p><strong>NEUE 2021 VERSION:\u00a0<\/strong>Ab sofort gibt es den neuen St\u00f6ckli Maroni-Ofen. Dieser ben\u00f6tigt statt 2 Schalter (An\/Aus sowie Standard &amp; Niedrig Temperatur) dank verbesserter Beschichtung vom Deckel keine Niedrig-Temperatur mehr.\u00a0 Diese h\u00f6here Temperatur war zuvor nur ohne Deckel erlaubt. Die Niedrige Temperaturstufe wurde daher nun abgeschafft.<\/p>\n<h3><strong>Lieferumfang<\/strong><\/h3>\n<ul>\n<li>Grundger\u00e4te mit Heizung<\/li>\n<li>Stromstecker<\/li>\n<li>Einlegeboden \u2013 Maronen<\/li>\n<li>Deckel<\/li>\n<\/ul>\n<h4>Das vielseitige Zubeh\u00f6r<\/h4>\n<p>Als Zubeh\u00f6r f\u00fcr den Maroni-Ofen ist eine Wendeplatte, Grill-\/Cr\u00eapeplatte f\u00fcr Maroni-Ofen , aus antihaftbeschichteten Aluminium Erh\u00e4ltlich. Diese Wendeplatte verf\u00fcgt \u00fcber eine geriffelte Seite, die sich ideal als Tischgrill f\u00fcr die n\u00e4chste gesellige Runde nutzen l\u00e4sst. Die andere Seite ist glatt und gibt Ihnen die M\u00f6glichkeit k\u00f6stliche Cr\u00eapes herzustellen. In der Wendeplatte ist ein praktischer Teigschaber bereits enthalten.<\/p>\n<\/div>\n<\/div>\n","protected":false},"excerpt":{"rendered":"<p>ST\u00d6CKLI Marroniofen &#8211; Esskastanien Ofen &#8211; NEUE 2021 VERSION St\u00f6ckli Maronen \/ Esskastanien Ofen Der Klassiker auf Festen und Jahrm\u00e4rkten. Vor allem in der gem\u00fctlichen Herbst- und Winterzeit sind Maronen \/ Esskastanien besonders beliebt. Mit dem St\u00f6ckli Maroni-Ofen bringen Sie den k\u00f6stlichen Duft von Maronen in Ihr Zuhause. Zubereitung Mit einer Aufheizzeit von ca. 5 [&hellip;]<\/p>\n","protected":false},"featured_media":15661,"comment_status":"closed","ping_status":"closed","template":"","meta":[],"product_brand":[],"product_cat":[211,202],"product_tag":[],"class_list":{"0":"post-14758","1":"product","2":"type-product","3":"status-publish","4":"has-post-thumbnail","6":"product_cat-grillen","7":"product_cat-kuchengerate-elektro","9":"first","10":"instock","11":"taxable","12":"shipping-taxable","13":"purchasable","14":"product-type-simple"},"_links":{"self":[{"href":"https:\/\/ebay.luba.de\/index.php\/wp-json\/wp\/v2\/product\/14758","targetHints":{"allow":["GET"]}}],"collection":[{"href":"https:\/\/ebay.luba.de\/index.php\/wp-json\/wp\/v2\/product"}],"about":[{"href":"https:\/\/ebay.luba.de\/index.php\/wp-json\/wp\/v2\/types\/product"}],"replies":[{"embeddable":true,"href":"https:\/\/ebay.luba.de\/index.php\/wp-json\/wp\/v2\/comments?post=14758"}],"wp:featuredmedia":[{"embeddable":true,"href":"https:\/\/ebay.luba.de\/index.php\/wp-json\/wp\/v2\/media\/15661"}],"wp:attachment":[{"href":"https:\/\/ebay.luba.de\/index.php\/wp-json\/wp\/v2\/media?parent=14758"}],"wp:term":[{"taxonomy":"product_brand","embeddable":true,"href":"https:\/\/ebay.luba.de\/index.php\/wp-json\/wp\/v2\/product_brand?post=14758"},{"taxonomy":"product_cat","embeddable":true,"href":"https:\/\/ebay.luba.de\/index.php\/wp-json\/wp\/v2\/product_cat?post=14758"},{"taxonomy":"product_tag","embeddable":true,"href":"https:\/\/ebay.luba.de\/index.php\/wp-json\/wp\/v2\/product_tag?post=14758"}],"curies":[{"name":"wp","href":"https:\/\/api.w.org\/{rel}","templated":true}]}}