{"id":14756,"date":"2020-12-06T15:49:33","date_gmt":"2020-12-06T15:49:33","guid":{"rendered":"https:\/\/ebay.luba.de\/index.php\/product\/stockli-dorrex-dorrgerat\/"},"modified":"2023-09-26T06:51:08","modified_gmt":"2023-09-26T06:51:08","slug":"eschenfelder-wand-kornquetsche-mit-holztrichter","status":"publish","type":"product","link":"https:\/\/ebay.luba.de\/index.php\/product\/eschenfelder-wand-kornquetsche-mit-holztrichter\/","title":{"rendered":"Eschenfelder Wand-Kornquetsche mit Holztrichter"},"content":{"rendered":"<p>Eschenfelder Kornquetschen mit einem Geh\u00e4use aus massiver ged\u00e4mpfter Buche sowie Walzen und Kurbel aus nickelfreiem Edelstahl erm\u00f6glichen eine stufenlos einstellbare Flocken- und Mehlst\u00e4rke f\u00fcr Getreide wie Dinkel, Gerste, Gr\u00fcnkern oder Reis. Auch Gew\u00fcrze, \u00d6lsaaten, Keimlinge, Linsen, gehackte N\u00fcsse oder Tee werden bedarfsgerecht zerkleinert &#8211; f\u00fcr eine optimale aromatische und vitaminreiche Weiterverarbeitung. Durch ihre offene Bauweise sind Eschenfelder Kornquetschen besonders einfach zu reinigen. Die Glasschale ist im Lieferumfang enthalten.<\/p>\n","protected":false},"excerpt":{"rendered":"<p>Eschenfelder Kornquetschen mit einem Geh\u00e4use aus massiver ged\u00e4mpfter Buche sowie Walzen und Kurbel aus nickelfreiem Edelstahl erm\u00f6glichen eine stufenlos einstellbare Flocken- und Mehlst\u00e4rke f\u00fcr Getreide wie Dinkel, Gerste, Gr\u00fcnkern oder Reis. Auch Gew\u00fcrze, \u00d6lsaaten, Keimlinge, Linsen, gehackte N\u00fcsse oder Tee werden bedarfsgerecht zerkleinert &#8211; f\u00fcr eine optimale aromatische und vitaminreiche Weiterverarbeitung. Durch ihre offene Bauweise [&hellip;]<\/p>\n","protected":false},"featured_media":15709,"comment_status":"closed","ping_status":"open","template":"","meta":[],"product_brand":[],"product_cat":[217,215],"product_tag":[],"class_list":{"0":"post-14756","1":"product","2":"type-product","3":"status-publish","4":"has-post-thumbnail","6":"product_cat-flocker","7":"product_cat-kuchengerate-handbetrieb","9":"first","10":"instock","11":"taxable","12":"shipping-taxable","13":"purchasable","14":"product-type-simple"},"_links":{"self":[{"href":"https:\/\/ebay.luba.de\/index.php\/wp-json\/wp\/v2\/product\/14756","targetHints":{"allow":["GET"]}}],"collection":[{"href":"https:\/\/ebay.luba.de\/index.php\/wp-json\/wp\/v2\/product"}],"about":[{"href":"https:\/\/ebay.luba.de\/index.php\/wp-json\/wp\/v2\/types\/product"}],"replies":[{"embeddable":true,"href":"https:\/\/ebay.luba.de\/index.php\/wp-json\/wp\/v2\/comments?post=14756"}],"wp:featuredmedia":[{"embeddable":true,"href":"https:\/\/ebay.luba.de\/index.php\/wp-json\/wp\/v2\/media\/15709"}],"wp:attachment":[{"href":"https:\/\/ebay.luba.de\/index.php\/wp-json\/wp\/v2\/media?parent=14756"}],"wp:term":[{"taxonomy":"product_brand","embeddable":true,"href":"https:\/\/ebay.luba.de\/index.php\/wp-json\/wp\/v2\/product_brand?post=14756"},{"taxonomy":"product_cat","embeddable":true,"href":"https:\/\/ebay.luba.de\/index.php\/wp-json\/wp\/v2\/product_cat?post=14756"},{"taxonomy":"product_tag","embeddable":true,"href":"https:\/\/ebay.luba.de\/index.php\/wp-json\/wp\/v2\/product_tag?post=14756"}],"curies":[{"name":"wp","href":"https:\/\/api.w.org\/{rel}","templated":true}]}}