{"id":14755,"date":"2020-12-06T15:49:16","date_gmt":"2020-12-06T15:49:16","guid":{"rendered":"https:\/\/ebay.luba.de\/index.php\/product\/wasser-destilliergerat-megahome-kunststoffbehalter\/"},"modified":"2020-12-06T15:49:22","modified_gmt":"2020-12-06T15:49:22","slug":"wasser-destilliergerat-megahome-kunststoffbehalter","status":"publish","type":"product","link":"https:\/\/ebay.luba.de\/index.php\/product\/wasser-destilliergerat-megahome-kunststoffbehalter\/","title":{"rendered":"Wasser Destillierger\u00e4t Megahome, Kunststoffbeh\u00e4lter"},"content":{"rendered":"<p>Frisches Wasser f\u00fcr Ihren Haushalt. Das Megahome Destillierger\u00e4t entfernt zuverl\u00e4ssig Schadstoffe, Kalk und Rost aus dem Leitungswasser. Kein Kistenschleppen mehr. Zum Trinken, Kochen und Reinigen, stets sofort verf\u00fcgbar und dies ohne aufwendige Installation.  Destillieren Sie nur Wasser aus trinkbaren Quellen.  Das Destillierger\u00e4t ist gem\u00e4\u00df \u00a732 AlkStG ausschlie\u00dflich zur Wasseraufbereitung zu nutzen. Leistung: 580 W, Gewicht:3,4 kg, Ma\u00dfe: H\u00f6he: 360 mm, Durchfluss:1 l\/h, Durchmesser: 235 mm<\/p>\n","protected":false},"excerpt":{"rendered":"<p>Frisches Wasser f\u00fcr Ihren Haushalt. Das Megahome Destillierger\u00e4t entfernt zuverl\u00e4ssig Schadstoffe, Kalk und Rost aus dem Leitungswasser. Kein Kistenschleppen mehr. Zum Trinken, Kochen und Reinigen, stets sofort verf\u00fcgbar und dies ohne aufwendige Installation. Destillieren Sie nur Wasser aus trinkbaren Quellen. Das Destillierger\u00e4t ist gem\u00e4\u00df \u00a732 AlkStG ausschlie\u00dflich zur Wasseraufbereitung zu nutzen. Leistung: 580 W, Gewicht:3,4 [&hellip;]<\/p>\n","protected":false},"featured_media":15653,"comment_status":"closed","ping_status":"open","template":"","meta":[],"product_brand":[],"product_cat":[193],"product_tag":[],"class_list":{"0":"post-14755","1":"product","2":"type-product","3":"status-publish","4":"has-post-thumbnail","6":"product_cat-unkategorisiert","8":"first","9":"outofstock","10":"taxable","11":"shipping-taxable","12":"purchasable","13":"product-type-simple"},"_links":{"self":[{"href":"https:\/\/ebay.luba.de\/index.php\/wp-json\/wp\/v2\/product\/14755","targetHints":{"allow":["GET"]}}],"collection":[{"href":"https:\/\/ebay.luba.de\/index.php\/wp-json\/wp\/v2\/product"}],"about":[{"href":"https:\/\/ebay.luba.de\/index.php\/wp-json\/wp\/v2\/types\/product"}],"replies":[{"embeddable":true,"href":"https:\/\/ebay.luba.de\/index.php\/wp-json\/wp\/v2\/comments?post=14755"}],"wp:featuredmedia":[{"embeddable":true,"href":"https:\/\/ebay.luba.de\/index.php\/wp-json\/wp\/v2\/media\/15653"}],"wp:attachment":[{"href":"https:\/\/ebay.luba.de\/index.php\/wp-json\/wp\/v2\/media?parent=14755"}],"wp:term":[{"taxonomy":"product_brand","embeddable":true,"href":"https:\/\/ebay.luba.de\/index.php\/wp-json\/wp\/v2\/product_brand?post=14755"},{"taxonomy":"product_cat","embeddable":true,"href":"https:\/\/ebay.luba.de\/index.php\/wp-json\/wp\/v2\/product_cat?post=14755"},{"taxonomy":"product_tag","embeddable":true,"href":"https:\/\/ebay.luba.de\/index.php\/wp-json\/wp\/v2\/product_tag?post=14755"}],"curies":[{"name":"wp","href":"https:\/\/api.w.org\/{rel}","templated":true}]}}