{"id":14753,"date":"2020-12-06T15:49:16","date_gmt":"2020-12-06T15:49:16","guid":{"rendered":"https:\/\/ebay.luba.de\/index.php\/product\/mixer-fur-culina\/"},"modified":"2023-09-12T09:51:06","modified_gmt":"2023-09-12T09:51:06","slug":"mixer-fur-culina","status":"publish","type":"product","link":"https:\/\/ebay.luba.de\/index.php\/product\/mixer-fur-culina\/","title":{"rendered":"Mixer f\u00fcr Culina"},"content":{"rendered":"<p>Mit dem Mixbecher kann man nicht nur raffinierte Mixgetr\u00e4nke herstellen, er ist auch ideal zum P\u00fcrieren verschiedener Nahrungsmittel.<\/p>\n","protected":false},"excerpt":{"rendered":"<p>Mit dem Mixbecher kann man nicht nur raffinierte Mixgetr\u00e4nke herstellen, er ist auch ideal zum P\u00fcrieren verschiedener Nahrungsmittel.<\/p>\n","protected":false},"featured_media":15651,"comment_status":"closed","ping_status":"open","template":"","meta":[],"product_brand":[],"product_cat":[202,203,204],"product_tag":[],"class_list":{"0":"post-14753","1":"product","2":"type-product","3":"status-publish","4":"has-post-thumbnail","6":"product_cat-kuchengerate-elektro","7":"product_cat-kuchenmaschinen-zubehor","8":"product_cat-messerschmidt","10":"first","11":"instock","12":"taxable","13":"shipping-taxable","14":"purchasable","15":"product-type-simple"},"_links":{"self":[{"href":"https:\/\/ebay.luba.de\/index.php\/wp-json\/wp\/v2\/product\/14753","targetHints":{"allow":["GET"]}}],"collection":[{"href":"https:\/\/ebay.luba.de\/index.php\/wp-json\/wp\/v2\/product"}],"about":[{"href":"https:\/\/ebay.luba.de\/index.php\/wp-json\/wp\/v2\/types\/product"}],"replies":[{"embeddable":true,"href":"https:\/\/ebay.luba.de\/index.php\/wp-json\/wp\/v2\/comments?post=14753"}],"wp:featuredmedia":[{"embeddable":true,"href":"https:\/\/ebay.luba.de\/index.php\/wp-json\/wp\/v2\/media\/15651"}],"wp:attachment":[{"href":"https:\/\/ebay.luba.de\/index.php\/wp-json\/wp\/v2\/media?parent=14753"}],"wp:term":[{"taxonomy":"product_brand","embeddable":true,"href":"https:\/\/ebay.luba.de\/index.php\/wp-json\/wp\/v2\/product_brand?post=14753"},{"taxonomy":"product_cat","embeddable":true,"href":"https:\/\/ebay.luba.de\/index.php\/wp-json\/wp\/v2\/product_cat?post=14753"},{"taxonomy":"product_tag","embeddable":true,"href":"https:\/\/ebay.luba.de\/index.php\/wp-json\/wp\/v2\/product_tag?post=14753"}],"curies":[{"name":"wp","href":"https:\/\/api.w.org\/{rel}","templated":true}]}}