{"id":14745,"date":"2020-12-06T15:49:16","date_gmt":"2020-12-06T15:49:16","guid":{"rendered":"https:\/\/ebay.luba.de\/index.php\/product\/spierings-safte-smoothies\/"},"modified":"2023-01-24T09:51:03","modified_gmt":"2023-01-24T09:51:03","slug":"spierings-safte-smoothies","status":"publish","type":"product","link":"https:\/\/ebay.luba.de\/index.php\/product\/spierings-safte-smoothies\/","title":{"rendered":"Spierings, S\u00e4fte &#038; Smoothies"},"content":{"rendered":"<p>Sie wollen sich t\u00e4glich fit und motivierend, erfrischt f\u00fchlen und mit guter Laune und positiver Energie produktiv in den Tag starten?  Dann haben wir hier 40 spannende Rezepte f\u00fcr frische S\u00e4fte und Smoothies: unkompliziert, schnell und versorgt Sie rundum mit allen wichtigen N\u00e4hrstoffen und Vitaminen, die Ihr K\u00f6rper braucht.<\/p>\n","protected":false},"excerpt":{"rendered":"<p>Sie wollen sich t\u00e4glich fit und motivierend, erfrischt f\u00fchlen und mit guter Laune und positiver Energie produktiv in den Tag starten? Dann haben wir hier 40 spannende Rezepte f\u00fcr frische S\u00e4fte und Smoothies: unkompliziert, schnell und versorgt Sie rundum mit allen wichtigen N\u00e4hrstoffen und Vitaminen, die Ihr K\u00f6rper braucht.<\/p>\n","protected":false},"featured_media":15643,"comment_status":"closed","ping_status":"open","template":"","meta":[],"product_brand":[],"product_cat":[186,191,201],"product_tag":[],"class_list":{"0":"post-14745","1":"product","2":"type-product","3":"status-publish","4":"has-post-thumbnail","6":"product_cat-bucher","7":"product_cat-rezepte","8":"product_cat-smoothies-safte","10":"first","11":"instock","12":"taxable","13":"shipping-taxable","14":"purchasable","15":"product-type-simple"},"_links":{"self":[{"href":"https:\/\/ebay.luba.de\/index.php\/wp-json\/wp\/v2\/product\/14745","targetHints":{"allow":["GET"]}}],"collection":[{"href":"https:\/\/ebay.luba.de\/index.php\/wp-json\/wp\/v2\/product"}],"about":[{"href":"https:\/\/ebay.luba.de\/index.php\/wp-json\/wp\/v2\/types\/product"}],"replies":[{"embeddable":true,"href":"https:\/\/ebay.luba.de\/index.php\/wp-json\/wp\/v2\/comments?post=14745"}],"wp:featuredmedia":[{"embeddable":true,"href":"https:\/\/ebay.luba.de\/index.php\/wp-json\/wp\/v2\/media\/15643"}],"wp:attachment":[{"href":"https:\/\/ebay.luba.de\/index.php\/wp-json\/wp\/v2\/media?parent=14745"}],"wp:term":[{"taxonomy":"product_brand","embeddable":true,"href":"https:\/\/ebay.luba.de\/index.php\/wp-json\/wp\/v2\/product_brand?post=14745"},{"taxonomy":"product_cat","embeddable":true,"href":"https:\/\/ebay.luba.de\/index.php\/wp-json\/wp\/v2\/product_cat?post=14745"},{"taxonomy":"product_tag","embeddable":true,"href":"https:\/\/ebay.luba.de\/index.php\/wp-json\/wp\/v2\/product_tag?post=14745"}],"curies":[{"name":"wp","href":"https:\/\/api.w.org\/{rel}","templated":true}]}}