{"id":14732,"date":"2020-12-06T15:48:54","date_gmt":"2020-12-06T15:48:54","guid":{"rendered":"https:\/\/ebay.luba.de\/index.php\/product\/markowitz-leben-mit-green-star\/"},"modified":"2021-06-16T09:50:37","modified_gmt":"2021-06-16T09:50:37","slug":"markowitz-leben-mit-green-star","status":"publish","type":"product","link":"https:\/\/ebay.luba.de\/index.php\/product\/markowitz-leben-mit-green-star\/","title":{"rendered":"Markowitz, Leben mit Green Star"},"content":{"rendered":"<p>Elysa Markowitz nutzt die M\u00f6glichkeit der vielseitigen GreenStar-Saftpresse voll aus. Spielend kreiert sie leckere S\u00e4fte, rohk\u00f6stliche Suppen, fantastische Sorbets, raffinierte So\u00dfen und sogar Brot, Kuchen und Feingeb\u00e4ck &#8211; alles roh und n\u00e4hrstoffreich zubereitet. Broschierte Ausgabe: 212 Seiten.<\/p>\n","protected":false},"excerpt":{"rendered":"<p>Elysa Markowitz nutzt die M\u00f6glichkeit der vielseitigen GreenStar-Saftpresse voll aus. Spielend kreiert sie leckere S\u00e4fte, rohk\u00f6stliche Suppen, fantastische Sorbets, raffinierte So\u00dfen und sogar Brot, Kuchen und Feingeb\u00e4ck &#8211; alles roh und n\u00e4hrstoffreich zubereitet. Broschierte Ausgabe: 212 Seiten.<\/p>\n","protected":false},"featured_media":15630,"comment_status":"closed","ping_status":"open","template":"","meta":[],"product_brand":[],"product_cat":[186,188],"product_tag":[],"class_list":{"0":"post-14732","1":"product","2":"type-product","3":"status-publish","4":"has-post-thumbnail","6":"product_cat-bucher","7":"product_cat-gesundheit","9":"first","10":"outofstock","11":"taxable","12":"shipping-taxable","13":"purchasable","14":"product-type-simple"},"_links":{"self":[{"href":"https:\/\/ebay.luba.de\/index.php\/wp-json\/wp\/v2\/product\/14732","targetHints":{"allow":["GET"]}}],"collection":[{"href":"https:\/\/ebay.luba.de\/index.php\/wp-json\/wp\/v2\/product"}],"about":[{"href":"https:\/\/ebay.luba.de\/index.php\/wp-json\/wp\/v2\/types\/product"}],"replies":[{"embeddable":true,"href":"https:\/\/ebay.luba.de\/index.php\/wp-json\/wp\/v2\/comments?post=14732"}],"wp:featuredmedia":[{"embeddable":true,"href":"https:\/\/ebay.luba.de\/index.php\/wp-json\/wp\/v2\/media\/15630"}],"wp:attachment":[{"href":"https:\/\/ebay.luba.de\/index.php\/wp-json\/wp\/v2\/media?parent=14732"}],"wp:term":[{"taxonomy":"product_brand","embeddable":true,"href":"https:\/\/ebay.luba.de\/index.php\/wp-json\/wp\/v2\/product_brand?post=14732"},{"taxonomy":"product_cat","embeddable":true,"href":"https:\/\/ebay.luba.de\/index.php\/wp-json\/wp\/v2\/product_cat?post=14732"},{"taxonomy":"product_tag","embeddable":true,"href":"https:\/\/ebay.luba.de\/index.php\/wp-json\/wp\/v2\/product_tag?post=14732"}],"curies":[{"name":"wp","href":"https:\/\/api.w.org\/{rel}","templated":true}]}}