{"id":14075,"date":"2016-07-27T23:16:42","date_gmt":"2016-07-27T23:16:42","guid":{"rendered":"https:\/\/ebay.luba.de\/index.php\/product\/royal-cut-schneidebrett-m\/"},"modified":"2020-10-20T23:27:39","modified_gmt":"2020-10-20T23:27:39","slug":"royal-cut-schneidebrett-m","status":"publish","type":"product","link":"https:\/\/ebay.luba.de\/index.php\/product\/royal-cut-schneidebrett-m\/","title":{"rendered":"Royal Cut Schneidebrett M"},"content":{"rendered":"<p>Die perfekt durchdachte Acryl-Schneidekombination, bestehend aus einem Schneidebrett und zwei Auffangschalen, erleichtert jedem Koch die Arbeit und erf\u00fcllt auch im Design h\u00f6chste Anspr\u00fcche. Die Schneidekombination f\u00fcgt sich harmonisch in jede K\u00fcche ein und ist ein optischer Blickfang. Offene, glatte Schnitte und eine hochfeste Oberfl\u00e4che verhindern das Eindringen von Speiseresten, Verf\u00e4rbungen oder das Anhaften von Bakterien und unangenehmen Ger\u00fcchen. Das Aroma der Lebensmittel bleibt erhalten. Das Schneidebrett ist in zwei Gr\u00f6\u00dfen lieferbar: Gr\u00f6\u00dfe M 400 x 300 x 20 mm Gr\u00f6\u00dfe L 500 x 350 x 20 mm. Die dazu passenden Auffangschalen-Sets bitte separat bestellen.<\/p>\n","protected":false},"excerpt":{"rendered":"<p>Die perfekt durchdachte Acryl-Schneidekombination, bestehend aus einem Schneidebrett und zwei Auffangschalen, erleichtert jedem Koch die Arbeit und erf\u00fcllt auch im Design h\u00f6chste Anspr\u00fcche. Die Schneidekombination f\u00fcgt sich harmonisch in jede K\u00fcche ein und ist ein optischer Blickfang. Offene, glatte Schnitte und eine hochfeste Oberfl\u00e4che verhindern das Eindringen von Speiseresten, Verf\u00e4rbungen oder das Anhaften von Bakterien [&hellip;]<\/p>\n","protected":false},"featured_media":14076,"comment_status":"closed","ping_status":"open","template":"","meta":[],"product_brand":[],"product_cat":[15],"product_tag":[],"class_list":{"0":"post-14075","1":"product","2":"type-product","3":"status-publish","4":"has-post-thumbnail","6":"product_cat-uncategorized","8":"first","9":"instock","10":"taxable","11":"shipping-taxable","12":"purchasable","13":"product-type-simple"},"_links":{"self":[{"href":"https:\/\/ebay.luba.de\/index.php\/wp-json\/wp\/v2\/product\/14075","targetHints":{"allow":["GET"]}}],"collection":[{"href":"https:\/\/ebay.luba.de\/index.php\/wp-json\/wp\/v2\/product"}],"about":[{"href":"https:\/\/ebay.luba.de\/index.php\/wp-json\/wp\/v2\/types\/product"}],"replies":[{"embeddable":true,"href":"https:\/\/ebay.luba.de\/index.php\/wp-json\/wp\/v2\/comments?post=14075"}],"wp:featuredmedia":[{"embeddable":true,"href":"https:\/\/ebay.luba.de\/index.php\/wp-json\/wp\/v2\/media\/14076"}],"wp:attachment":[{"href":"https:\/\/ebay.luba.de\/index.php\/wp-json\/wp\/v2\/media?parent=14075"}],"wp:term":[{"taxonomy":"product_brand","embeddable":true,"href":"https:\/\/ebay.luba.de\/index.php\/wp-json\/wp\/v2\/product_brand?post=14075"},{"taxonomy":"product_cat","embeddable":true,"href":"https:\/\/ebay.luba.de\/index.php\/wp-json\/wp\/v2\/product_cat?post=14075"},{"taxonomy":"product_tag","embeddable":true,"href":"https:\/\/ebay.luba.de\/index.php\/wp-json\/wp\/v2\/product_tag?post=14075"}],"curies":[{"name":"wp","href":"https:\/\/api.w.org\/{rel}","templated":true}]}}